{"id":597,"date":"2023-02-20T10:04:35","date_gmt":"2023-02-20T10:04:35","guid":{"rendered":"https:\/\/amiaudio.hu\/?page_id=597"},"modified":"2024-03-28T11:13:46","modified_gmt":"2024-03-28T11:13:46","slug":"unique","status":"publish","type":"page","link":"https:\/\/amiaudio.hu\/en\/unique\/","title":{"rendered":"UNIQUE"},"content":{"rendered":"<figure class=\"wp-block-table alignwide ticss-c6a8b392 is-style-stripes\"><table><tbody><tr><td class=\"has-text-align-left\" data-align=\"left\"><strong><strong>SOUND RECORDINGS DISTRIBUTED BY OUR LABEL<\/strong><\/strong><\/td><\/tr><\/tbody><\/table><\/figure>\n\n\n\n<div class=\"wp-block-buttons is-horizontal is-content-justification-left is-layout-flex wp-container-core-buttons-is-layout-31ec485e wp-block-buttons-is-layout-flex\">\n<div class=\"wp-block-button is-style-outline is-style-outline--1\"><a class=\"wp-block-button__link has-white-color has-text-color has-background wp-element-button\" href=\"https:\/\/amiaudio.hu\/en\/kiadvanyaink\/\" style=\"border-radius:10px;background-color:#7c7c7c75;padding-top:var(--wp--preset--spacing--20);padding-right:var(--wp--preset--spacing--20);padding-bottom:var(--wp--preset--spacing--20);padding-left:var(--wp--preset--spacing--20)\">all<\/a><\/div>\n\n\n\n<div class=\"wp-block-button\"><a class=\"wp-block-button__link has-black-color has-white-background-color has-text-color has-background wp-element-button\" href=\"https:\/\/amiaudio.hu\/en\/unique\/\" style=\"border-radius:10px;padding-top:var(--wp--preset--spacing--20);padding-right:var(--wp--preset--spacing--20);padding-bottom:var(--wp--preset--spacing--20);padding-left:var(--wp--preset--spacing--20)\">UNIQUE<\/a><\/div>\n\n\n\n<div class=\"wp-block-button\"><a class=\"wp-block-button__link has-white-color has-text-color has-background wp-element-button\" href=\"https:\/\/amiaudio.hu\/en\/volgyesi-gabi\/\" style=\"border-radius:10px;background-color:#7c7c7c75;padding-top:var(--wp--preset--spacing--20);padding-right:var(--wp--preset--spacing--20);padding-bottom:var(--wp--preset--spacing--20);padding-left:var(--wp--preset--spacing--20)\">GABI V\u00d6LGYESI<\/a><\/div>\n\n\n\n<div class=\"wp-block-button\"><a class=\"wp-block-button__link has-white-color has-text-color has-background wp-element-button\" href=\"https:\/\/amiaudio.hu\/en\/other-releases\/\" style=\"border-radius:10px;background-color:#7c7c7c75;padding-top:var(--wp--preset--spacing--20);padding-right:var(--wp--preset--spacing--20);padding-bottom:var(--wp--preset--spacing--20);padding-left:var(--wp--preset--spacing--20)\">OTHER ARTISTS<\/a><\/div>\n<\/div>\n\n\n<div class=\"rt-container-fluid tlp-portfolio tlp-portfolio-container\" id=\"tlp-portfolio-container-596\" data-layout=\"layout3\"><div class=\"rt-row layout3\" data-title='Loading ...'><div class=\"tlp-col-md-2 tlp-col-sm-4 tlp-col-xs-4 tlp-single-item tlp-grid-item tlp-equal-height\">\r\n\t<div class=\"tlp-portfolio-item\">\r\n\t\t\t\t\t\t\t\t\t\t\t\t<div class=\"tlp-portfolio-thum tlp-item\">\r\n\t\t\t<img loading=\"lazy\" decoding=\"async\" width=\"600\" height=\"600\" src=\"https:\/\/amiaudio.hu\/wp-content\/uploads\/maxi25_l.jpg\" class=\"img-responsive\" alt=\"\" style=\"width:100%;height:100%;max-width:600px\" \/>\r\n\t\t\t<div class=\"tlp-overlay\">\r\n\t\t\t\t<p class=\"link-icon\">\r\n\t\t\t\t\t\r\n\t\t\t\t\t<a href=\"https:\/\/amiaudio.hu\/en\/portfolio\/unique-memento\/\" aria-label=\"Unique &#8211; Mement\u00f3\"><i class=\"demo-icon icon-link-ext\"><\/i><\/a>\r\n\t\t\t\t<\/p>\r\n\t\t\t<\/div>\r\n\t\t<\/div><div class=\"tlp-content\">\r\n\t\t\t\t\t\t<div class=\"tlp-content-holder\">\r\n\t\t\t\t\t\t\t<h3><a href=\"https:\/\/amiaudio.hu\/en\/portfolio\/unique-memento\/\" aria-label=\"Unique &#8211; Mement\u00f3\">Unique &#8211; Mement\u00f3<\/a><\/h3>\r\n\t\t\t\t\t\t\t\r\n\t\t\t\t\t\t<\/div>\r\n\t\t\t\t\t<\/div>\t<\/div>\r\n<\/div>\r\n<div class=\"tlp-col-md-2 tlp-col-sm-4 tlp-col-xs-4 tlp-single-item tlp-grid-item tlp-equal-height\">\r\n\t<div class=\"tlp-portfolio-item\">\r\n\t\t\t\t\t\t\t\t\t\t\t\t<div class=\"tlp-portfolio-thum tlp-item\">\r\n\t\t\t<img loading=\"lazy\" decoding=\"async\" width=\"600\" height=\"600\" src=\"https:\/\/amiaudio.hu\/wp-content\/uploads\/maxi24_v2_l.jpg\" class=\"img-responsive\" alt=\"\" style=\"width:100%;height:100%;max-width:600px\" \/>\r\n\t\t\t<div class=\"tlp-overlay\">\r\n\t\t\t\t<p class=\"link-icon\">\r\n\t\t\t\t\t\r\n\t\t\t\t\t<a href=\"https:\/\/amiaudio.hu\/en\/portfolio\/unique-fust-lang-nelkul-vol-2\/\" aria-label=\"Unique &#8211; F\u00fcst l\u00e1ng n\u00e9lk\u00fcl, Vol. 2\"><i class=\"demo-icon icon-link-ext\"><\/i><\/a>\r\n\t\t\t\t<\/p>\r\n\t\t\t<\/div>\r\n\t\t<\/div><div class=\"tlp-content\">\r\n\t\t\t\t\t\t<div class=\"tlp-content-holder\">\r\n\t\t\t\t\t\t\t<h3><a href=\"https:\/\/amiaudio.hu\/en\/portfolio\/unique-fust-lang-nelkul-vol-2\/\" aria-label=\"Unique &#8211; F\u00fcst l\u00e1ng n\u00e9lk\u00fcl, Vol. 2\">Unique &#8211; F\u00fcst l\u00e1ng n\u00e9lk\u00fcl, Vol. 2<\/a><\/h3>\r\n\t\t\t\t\t\t\t\r\n\t\t\t\t\t\t<\/div>\r\n\t\t\t\t\t<\/div>\t<\/div>\r\n<\/div>\r\n<div class=\"tlp-col-md-2 tlp-col-sm-4 tlp-col-xs-4 tlp-single-item tlp-grid-item tlp-equal-height\">\r\n\t<div class=\"tlp-portfolio-item\">\r\n\t\t\t\t\t\t\t\t\t\t\t\t<div class=\"tlp-portfolio-thum tlp-item\">\r\n\t\t\t<img loading=\"lazy\" decoding=\"async\" width=\"600\" height=\"600\" src=\"https:\/\/amiaudio.hu\/wp-content\/uploads\/Unique-Fust-lang-nelkul.jpg\" class=\"img-responsive\" alt=\"\" style=\"width:100%;height:100%;max-width:600px\" \/>\r\n\t\t\t<div class=\"tlp-overlay\">\r\n\t\t\t\t<p class=\"link-icon\">\r\n\t\t\t\t\t\r\n\t\t\t\t\t<a href=\"https:\/\/amiaudio.hu\/en\/portfolio\/unique-fust-lang-nelkul\/\" aria-label=\"Unique &#8211; F\u00fcst l\u00e1ng n\u00e9lk\u00fcl\"><i class=\"demo-icon icon-link-ext\"><\/i><\/a>\r\n\t\t\t\t<\/p>\r\n\t\t\t<\/div>\r\n\t\t<\/div><div class=\"tlp-content\">\r\n\t\t\t\t\t\t<div class=\"tlp-content-holder\">\r\n\t\t\t\t\t\t\t<h3><a href=\"https:\/\/amiaudio.hu\/en\/portfolio\/unique-fust-lang-nelkul\/\" aria-label=\"Unique &#8211; F\u00fcst l\u00e1ng n\u00e9lk\u00fcl\">Unique &#8211; F\u00fcst l\u00e1ng n\u00e9lk\u00fcl<\/a><\/h3>\r\n\t\t\t\t\t\t\t\r\n\t\t\t\t\t\t<\/div>\r\n\t\t\t\t\t<\/div>\t<\/div>\r\n<\/div>\r\n<div class=\"tlp-col-md-2 tlp-col-sm-4 tlp-col-xs-4 tlp-single-item tlp-grid-item tlp-equal-height\">\r\n\t<div class=\"tlp-portfolio-item\">\r\n\t\t\t\t\t\t\t\t\t\t\t\t<div class=\"tlp-portfolio-thum tlp-item\">\r\n\t\t\t<img loading=\"lazy\" decoding=\"async\" width=\"600\" height=\"600\" src=\"https:\/\/amiaudio.hu\/wp-content\/uploads\/maxi23v2_l.jpg\" class=\"img-responsive\" alt=\"\" style=\"width:100%;height:100%;max-width:600px\" \/>\r\n\t\t\t<div class=\"tlp-overlay\">\r\n\t\t\t\t<p class=\"link-icon\">\r\n\t\t\t\t\t\r\n\t\t\t\t\t<a href=\"https:\/\/amiaudio.hu\/en\/portfolio\/unique-nezz-fel-jamie-vee-sunset-remix\/\" aria-label=\"Unique &#8211; N\u00e9zz fel! (Jamie Vee Sunset Remix)\"><i class=\"demo-icon icon-link-ext\"><\/i><\/a>\r\n\t\t\t\t<\/p>\r\n\t\t\t<\/div>\r\n\t\t<\/div><div class=\"tlp-content\">\r\n\t\t\t\t\t\t<div class=\"tlp-content-holder\">\r\n\t\t\t\t\t\t\t<h3><a href=\"https:\/\/amiaudio.hu\/en\/portfolio\/unique-nezz-fel-jamie-vee-sunset-remix\/\" aria-label=\"Unique &#8211; N\u00e9zz fel! (Jamie Vee Sunset Remix)\">Unique &#8211; N\u00e9zz fel! (Jamie Vee Sunset Remix)<\/a><\/h3>\r\n\t\t\t\t\t\t\t\r\n\t\t\t\t\t\t<\/div>\r\n\t\t\t\t\t<\/div>\t<\/div>\r\n<\/div>\r\n<div class=\"tlp-col-md-2 tlp-col-sm-4 tlp-col-xs-4 tlp-single-item tlp-grid-item tlp-equal-height\">\r\n\t<div class=\"tlp-portfolio-item\">\r\n\t\t\t\t\t\t\t\t\t\t\t\t<div class=\"tlp-portfolio-thum tlp-item\">\r\n\t\t\t<img loading=\"lazy\" decoding=\"async\" width=\"600\" height=\"600\" src=\"https:\/\/amiaudio.hu\/wp-content\/uploads\/maxi23_l.jpg\" class=\"img-responsive\" alt=\"\" style=\"width:100%;height:100%;max-width:600px\" \/>\r\n\t\t\t<div class=\"tlp-overlay\">\r\n\t\t\t\t<p class=\"link-icon\">\r\n\t\t\t\t\t\r\n\t\t\t\t\t<a href=\"https:\/\/amiaudio.hu\/en\/portfolio\/unique-nezz-fel\/\" aria-label=\"Unique &#8211; N\u00e9zz fel!\"><i class=\"demo-icon icon-link-ext\"><\/i><\/a>\r\n\t\t\t\t<\/p>\r\n\t\t\t<\/div>\r\n\t\t<\/div><div class=\"tlp-content\">\r\n\t\t\t\t\t\t<div class=\"tlp-content-holder\">\r\n\t\t\t\t\t\t\t<h3><a href=\"https:\/\/amiaudio.hu\/en\/portfolio\/unique-nezz-fel\/\" aria-label=\"Unique &#8211; N\u00e9zz fel!\">Unique &#8211; N\u00e9zz fel!<\/a><\/h3>\r\n\t\t\t\t\t\t\t\r\n\t\t\t\t\t\t<\/div>\r\n\t\t\t\t\t<\/div>\t<\/div>\r\n<\/div>\r\n<div class=\"tlp-col-md-2 tlp-col-sm-4 tlp-col-xs-4 tlp-single-item tlp-grid-item tlp-equal-height\">\r\n\t<div class=\"tlp-portfolio-item\">\r\n\t\t\t\t\t\t\t\t\t\t\t\t<div class=\"tlp-portfolio-thum tlp-item\">\r\n\t\t\t<img loading=\"lazy\" decoding=\"async\" width=\"600\" height=\"600\" src=\"https:\/\/amiaudio.hu\/wp-content\/uploads\/lp07_l.jpg\" class=\"img-responsive\" alt=\"\" style=\"width:100%;height:100%;max-width:600px\" \/>\r\n\t\t\t<div class=\"tlp-overlay\">\r\n\t\t\t\t<p class=\"link-icon\">\r\n\t\t\t\t\t\r\n\t\t\t\t\t<a href=\"https:\/\/amiaudio.hu\/en\/portfolio\/unique-nagyzenekari-koncert\/\" aria-label=\"Unique Nagyzenekari Koncert (nagylemez)\"><i class=\"demo-icon icon-link-ext\"><\/i><\/a>\r\n\t\t\t\t<\/p>\r\n\t\t\t<\/div>\r\n\t\t<\/div><div class=\"tlp-content\">\r\n\t\t\t\t\t\t<div class=\"tlp-content-holder\">\r\n\t\t\t\t\t\t\t<h3><a href=\"https:\/\/amiaudio.hu\/en\/portfolio\/unique-nagyzenekari-koncert\/\" aria-label=\"Unique Nagyzenekari Koncert (nagylemez)\">Unique Nagyzenekari Koncert (nagylemez)<\/a><\/h3>\r\n\t\t\t\t\t\t\t\r\n\t\t\t\t\t\t<\/div>\r\n\t\t\t\t\t<\/div>\t<\/div>\r\n<\/div>\r\n<div class=\"tlp-col-md-2 tlp-col-sm-4 tlp-col-xs-4 tlp-single-item tlp-grid-item tlp-equal-height\">\r\n\t<div class=\"tlp-portfolio-item\">\r\n\t\t\t\t\t\t\t\t\t\t\t\t<div class=\"tlp-portfolio-thum tlp-item\">\r\n\t\t\t<img loading=\"lazy\" decoding=\"async\" width=\"600\" height=\"600\" src=\"https:\/\/amiaudio.hu\/wp-content\/uploads\/maxi22_l.jpg\" class=\"img-responsive\" alt=\"\" style=\"width:100%;height:100%;max-width:600px\" \/>\r\n\t\t\t<div class=\"tlp-overlay\">\r\n\t\t\t\t<p class=\"link-icon\">\r\n\t\t\t\t\t\r\n\t\t\t\t\t<a href=\"https:\/\/amiaudio.hu\/en\/portfolio\/unique-home-sessions\/\" aria-label=\"Unique &#8211; Home Sessions\"><i class=\"demo-icon icon-link-ext\"><\/i><\/a>\r\n\t\t\t\t<\/p>\r\n\t\t\t<\/div>\r\n\t\t<\/div><div class=\"tlp-content\">\r\n\t\t\t\t\t\t<div class=\"tlp-content-holder\">\r\n\t\t\t\t\t\t\t<h3><a href=\"https:\/\/amiaudio.hu\/en\/portfolio\/unique-home-sessions\/\" aria-label=\"Unique &#8211; Home Sessions\">Unique &#8211; Home Sessions<\/a><\/h3>\r\n\t\t\t\t\t\t\t\r\n\t\t\t\t\t\t<\/div>\r\n\t\t\t\t\t<\/div>\t<\/div>\r\n<\/div>\r\n<div class=\"tlp-col-md-2 tlp-col-sm-4 tlp-col-xs-4 tlp-single-item tlp-grid-item tlp-equal-height\">\r\n\t<div class=\"tlp-portfolio-item\">\r\n\t\t\t\t\t\t\t\t\t\t\t\t<div class=\"tlp-portfolio-thum tlp-item\">\r\n\t\t\t<img loading=\"lazy\" decoding=\"async\" width=\"600\" height=\"600\" src=\"https:\/\/amiaudio.hu\/wp-content\/uploads\/maxi21_l.jpg\" class=\"img-responsive\" alt=\"\" style=\"width:100%;height:100%;max-width:600px\" \/>\r\n\t\t\t<div class=\"tlp-overlay\">\r\n\t\t\t\t<p class=\"link-icon\">\r\n\t\t\t\t\t\r\n\t\t\t\t\t<a href=\"https:\/\/amiaudio.hu\/en\/portfolio\/unique-hvs10\/\" aria-label=\"Unique &#8211; HVS10\"><i class=\"demo-icon icon-link-ext\"><\/i><\/a>\r\n\t\t\t\t<\/p>\r\n\t\t\t<\/div>\r\n\t\t<\/div><div class=\"tlp-content\">\r\n\t\t\t\t\t\t<div class=\"tlp-content-holder\">\r\n\t\t\t\t\t\t\t<h3><a href=\"https:\/\/amiaudio.hu\/en\/portfolio\/unique-hvs10\/\" aria-label=\"Unique &#8211; HVS10\">Unique &#8211; HVS10<\/a><\/h3>\r\n\t\t\t\t\t\t\t\r\n\t\t\t\t\t\t<\/div>\r\n\t\t\t\t\t<\/div>\t<\/div>\r\n<\/div>\r\n<div class=\"tlp-col-md-2 tlp-col-sm-4 tlp-col-xs-4 tlp-single-item tlp-grid-item tlp-equal-height\">\r\n\t<div class=\"tlp-portfolio-item\">\r\n\t\t\t\t\t\t\t\t\t\t\t\t<div class=\"tlp-portfolio-thum tlp-item\">\r\n\t\t\t<img loading=\"lazy\" decoding=\"async\" width=\"600\" height=\"600\" src=\"https:\/\/amiaudio.hu\/wp-content\/uploads\/maxi20_l.jpg\" class=\"img-responsive\" alt=\"\" style=\"width:100%;height:100%;max-width:600px\" \/>\r\n\t\t\t<div class=\"tlp-overlay\">\r\n\t\t\t\t<p class=\"link-icon\">\r\n\t\t\t\t\t\r\n\t\t\t\t\t<a href=\"https:\/\/amiaudio.hu\/en\/portfolio\/unique-madarka-birdy\/\" aria-label=\"Unique &#8211; Mad\u00e1rka | Birdy\"><i class=\"demo-icon icon-link-ext\"><\/i><\/a>\r\n\t\t\t\t<\/p>\r\n\t\t\t<\/div>\r\n\t\t<\/div><div class=\"tlp-content\">\r\n\t\t\t\t\t\t<div class=\"tlp-content-holder\">\r\n\t\t\t\t\t\t\t<h3><a href=\"https:\/\/amiaudio.hu\/en\/portfolio\/unique-madarka-birdy\/\" aria-label=\"Unique &#8211; Mad\u00e1rka | Birdy\">Unique &#8211; Mad\u00e1rka | Birdy<\/a><\/h3>\r\n\t\t\t\t\t\t\t\r\n\t\t\t\t\t\t<\/div>\r\n\t\t\t\t\t<\/div>\t<\/div>\r\n<\/div>\r\n<div class=\"tlp-col-md-2 tlp-col-sm-4 tlp-col-xs-4 tlp-single-item tlp-grid-item tlp-equal-height\">\r\n\t<div class=\"tlp-portfolio-item\">\r\n\t\t\t\t\t\t\t\t\t\t\t\t<div class=\"tlp-portfolio-thum tlp-item\">\r\n\t\t\t<img loading=\"lazy\" decoding=\"async\" width=\"600\" height=\"600\" src=\"https:\/\/amiaudio.hu\/wp-content\/uploads\/lp06_l.jpg\" class=\"img-responsive\" alt=\"\" style=\"width:100%;height:100%;max-width:600px\" \/>\r\n\t\t\t<div class=\"tlp-overlay\">\r\n\t\t\t\t<p class=\"link-icon\">\r\n\t\t\t\t\t\r\n\t\t\t\t\t<a href=\"https:\/\/amiaudio.hu\/en\/portfolio\/unique-20-jubileumi-nagykoncert\/\" aria-label=\"Unique &#8211; 20 Jubileumi Nagykoncert (nagylemez)\"><i class=\"demo-icon icon-link-ext\"><\/i><\/a>\r\n\t\t\t\t<\/p>\r\n\t\t\t<\/div>\r\n\t\t<\/div><div class=\"tlp-content\">\r\n\t\t\t\t\t\t<div class=\"tlp-content-holder\">\r\n\t\t\t\t\t\t\t<h3><a href=\"https:\/\/amiaudio.hu\/en\/portfolio\/unique-20-jubileumi-nagykoncert\/\" aria-label=\"Unique &#8211; 20 Jubileumi Nagykoncert (nagylemez)\">Unique &#8211; 20 Jubileumi Nagykoncert (nagylemez)<\/a><\/h3>\r\n\t\t\t\t\t\t\t\r\n\t\t\t\t\t\t<\/div>\r\n\t\t\t\t\t<\/div>\t<\/div>\r\n<\/div>\r\n<div class=\"tlp-col-md-2 tlp-col-sm-4 tlp-col-xs-4 tlp-single-item tlp-grid-item tlp-equal-height\">\r\n\t<div class=\"tlp-portfolio-item\">\r\n\t\t\t\t\t\t\t\t\t\t\t\t<div class=\"tlp-portfolio-thum tlp-item\">\r\n\t\t\t<img loading=\"lazy\" decoding=\"async\" width=\"600\" height=\"600\" src=\"https:\/\/amiaudio.hu\/wp-content\/uploads\/maxi19_l.jpg\" class=\"img-responsive\" alt=\"\" style=\"width:100%;height:100%;max-width:600px\" \/>\r\n\t\t\t<div class=\"tlp-overlay\">\r\n\t\t\t\t<p class=\"link-icon\">\r\n\t\t\t\t\t\r\n\t\t\t\t\t<a href=\"https:\/\/amiaudio.hu\/en\/portfolio\/unique-egy-lepessel-a-fold-felett\/\" aria-label=\"Unique &#8211; Egy l\u00e9p\u00e9ssel a f\u00f6ld felett\"><i class=\"demo-icon icon-link-ext\"><\/i><\/a>\r\n\t\t\t\t<\/p>\r\n\t\t\t<\/div>\r\n\t\t<\/div><div class=\"tlp-content\">\r\n\t\t\t\t\t\t<div class=\"tlp-content-holder\">\r\n\t\t\t\t\t\t\t<h3><a href=\"https:\/\/amiaudio.hu\/en\/portfolio\/unique-egy-lepessel-a-fold-felett\/\" aria-label=\"Unique &#8211; Egy l\u00e9p\u00e9ssel a f\u00f6ld felett\">Unique &#8211; Egy l\u00e9p\u00e9ssel a f\u00f6ld felett<\/a><\/h3>\r\n\t\t\t\t\t\t\t\r\n\t\t\t\t\t\t<\/div>\r\n\t\t\t\t\t<\/div>\t<\/div>\r\n<\/div>\r\n<div class=\"tlp-col-md-2 tlp-col-sm-4 tlp-col-xs-4 tlp-single-item tlp-grid-item tlp-equal-height\">\r\n\t<div class=\"tlp-portfolio-item\">\r\n\t\t\t\t\t\t\t\t\t\t\t\t<div class=\"tlp-portfolio-thum tlp-item\">\r\n\t\t\t<img loading=\"lazy\" decoding=\"async\" width=\"600\" height=\"600\" src=\"https:\/\/amiaudio.hu\/wp-content\/uploads\/maxi18_l.jpg\" class=\"img-responsive\" alt=\"\" style=\"width:100%;height:100%;max-width:600px\" \/>\r\n\t\t\t<div class=\"tlp-overlay\">\r\n\t\t\t\t<p class=\"link-icon\">\r\n\t\t\t\t\t\r\n\t\t\t\t\t<a href=\"https:\/\/amiaudio.hu\/en\/portfolio\/unique-veled-egy-lelegzetben\/\" aria-label=\"Unique &#8211; Veled egy l\u00e9legzetben\"><i class=\"demo-icon icon-link-ext\"><\/i><\/a>\r\n\t\t\t\t<\/p>\r\n\t\t\t<\/div>\r\n\t\t<\/div><div class=\"tlp-content\">\r\n\t\t\t\t\t\t<div class=\"tlp-content-holder\">\r\n\t\t\t\t\t\t\t<h3><a href=\"https:\/\/amiaudio.hu\/en\/portfolio\/unique-veled-egy-lelegzetben\/\" aria-label=\"Unique &#8211; Veled egy l\u00e9legzetben\">Unique &#8211; Veled egy l\u00e9legzetben<\/a><\/h3>\r\n\t\t\t\t\t\t\t\r\n\t\t\t\t\t\t<\/div>\r\n\t\t\t\t\t<\/div>\t<\/div>\r\n<\/div>\r\n<div class=\"tlp-col-md-2 tlp-col-sm-4 tlp-col-xs-4 tlp-single-item tlp-grid-item tlp-equal-height\">\r\n\t<div class=\"tlp-portfolio-item\">\r\n\t\t\t\t\t\t\t\t\t\t\t\t<div class=\"tlp-portfolio-thum tlp-item\">\r\n\t\t\t<img loading=\"lazy\" decoding=\"async\" width=\"600\" height=\"600\" src=\"https:\/\/amiaudio.hu\/wp-content\/uploads\/maxi17v3_l.jpg\" class=\"img-responsive\" alt=\"\" style=\"width:100%;height:100%;max-width:600px\" \/>\r\n\t\t\t<div class=\"tlp-overlay\">\r\n\t\t\t\t<p class=\"link-icon\">\r\n\t\t\t\t\t\r\n\t\t\t\t\t<a href=\"https:\/\/amiaudio.hu\/en\/portfolio\/unique-magadban-keresd-lotfi-begi-remix\/\" aria-label=\"Unique &#8211; Magadban keresd (Lotfi Begi Remix)\"><i class=\"demo-icon icon-link-ext\"><\/i><\/a>\r\n\t\t\t\t<\/p>\r\n\t\t\t<\/div>\r\n\t\t<\/div><div class=\"tlp-content\">\r\n\t\t\t\t\t\t<div class=\"tlp-content-holder\">\r\n\t\t\t\t\t\t\t<h3><a href=\"https:\/\/amiaudio.hu\/en\/portfolio\/unique-magadban-keresd-lotfi-begi-remix\/\" aria-label=\"Unique &#8211; Magadban keresd (Lotfi Begi Remix)\">Unique &#8211; Magadban keresd (Lotfi Begi Remix)<\/a><\/h3>\r\n\t\t\t\t\t\t\t\r\n\t\t\t\t\t\t<\/div>\r\n\t\t\t\t\t<\/div>\t<\/div>\r\n<\/div>\r\n<div class=\"tlp-col-md-2 tlp-col-sm-4 tlp-col-xs-4 tlp-single-item tlp-grid-item tlp-equal-height\">\r\n\t<div class=\"tlp-portfolio-item\">\r\n\t\t\t\t\t\t\t\t\t\t\t\t<div class=\"tlp-portfolio-thum tlp-item\">\r\n\t\t\t<img loading=\"lazy\" decoding=\"async\" width=\"600\" height=\"600\" src=\"https:\/\/amiaudio.hu\/wp-content\/uploads\/maxi17v2_l.jpg\" class=\"img-responsive\" alt=\"\" style=\"width:100%;height:100%;max-width:600px\" \/>\r\n\t\t\t<div class=\"tlp-overlay\">\r\n\t\t\t\t<p class=\"link-icon\">\r\n\t\t\t\t\t\r\n\t\t\t\t\t<a href=\"https:\/\/amiaudio.hu\/en\/portfolio\/uniquemagadban-keresd-vol-2\/\" aria-label=\"Unique &#8211; Magadban keresd, Vol. 2\"><i class=\"demo-icon icon-link-ext\"><\/i><\/a>\r\n\t\t\t\t<\/p>\r\n\t\t\t<\/div>\r\n\t\t<\/div><div class=\"tlp-content\">\r\n\t\t\t\t\t\t<div class=\"tlp-content-holder\">\r\n\t\t\t\t\t\t\t<h3><a href=\"https:\/\/amiaudio.hu\/en\/portfolio\/uniquemagadban-keresd-vol-2\/\" aria-label=\"Unique &#8211; Magadban keresd, Vol. 2\">Unique &#8211; Magadban keresd, Vol. 2<\/a><\/h3>\r\n\t\t\t\t\t\t\t\r\n\t\t\t\t\t\t<\/div>\r\n\t\t\t\t\t<\/div>\t<\/div>\r\n<\/div>\r\n<div class=\"tlp-col-md-2 tlp-col-sm-4 tlp-col-xs-4 tlp-single-item tlp-grid-item tlp-equal-height\">\r\n\t<div class=\"tlp-portfolio-item\">\r\n\t\t\t\t\t\t\t\t\t\t\t\t<div class=\"tlp-portfolio-thum tlp-item\">\r\n\t\t\t<img loading=\"lazy\" decoding=\"async\" width=\"600\" height=\"600\" src=\"https:\/\/amiaudio.hu\/wp-content\/uploads\/maxi17_l.jpg\" class=\"img-responsive\" alt=\"\" style=\"width:100%;height:100%;max-width:600px\" \/>\r\n\t\t\t<div class=\"tlp-overlay\">\r\n\t\t\t\t<p class=\"link-icon\">\r\n\t\t\t\t\t\r\n\t\t\t\t\t<a href=\"https:\/\/amiaudio.hu\/en\/portfolio\/unique-magadban-keresd\/\" aria-label=\"Unique &#8211; Magadban keresd\"><i class=\"demo-icon icon-link-ext\"><\/i><\/a>\r\n\t\t\t\t<\/p>\r\n\t\t\t<\/div>\r\n\t\t<\/div><div class=\"tlp-content\">\r\n\t\t\t\t\t\t<div class=\"tlp-content-holder\">\r\n\t\t\t\t\t\t\t<h3><a href=\"https:\/\/amiaudio.hu\/en\/portfolio\/unique-magadban-keresd\/\" aria-label=\"Unique &#8211; Magadban keresd\">Unique &#8211; Magadban keresd<\/a><\/h3>\r\n\t\t\t\t\t\t\t\r\n\t\t\t\t\t\t<\/div>\r\n\t\t\t\t\t<\/div>\t<\/div>\r\n<\/div>\r\n<div class=\"tlp-col-md-2 tlp-col-sm-4 tlp-col-xs-4 tlp-single-item tlp-grid-item tlp-equal-height\">\r\n\t<div class=\"tlp-portfolio-item\">\r\n\t\t\t\t\t\t\t\t\t\t\t\t<div class=\"tlp-portfolio-thum tlp-item\">\r\n\t\t\t<img loading=\"lazy\" decoding=\"async\" width=\"600\" height=\"600\" src=\"https:\/\/amiaudio.hu\/wp-content\/uploads\/maxi16_l.jpg\" class=\"img-responsive\" alt=\"\" style=\"width:100%;height:100%;max-width:600px\" \/>\r\n\t\t\t<div class=\"tlp-overlay\">\r\n\t\t\t\t<p class=\"link-icon\">\r\n\t\t\t\t\t\r\n\t\t\t\t\t<a href=\"https:\/\/amiaudio.hu\/en\/portfolio\/unique-ugye-mindig-itt-leszel\/\" aria-label=\"Unique &#8211; Ugye mindig itt leszel?\"><i class=\"demo-icon icon-link-ext\"><\/i><\/a>\r\n\t\t\t\t<\/p>\r\n\t\t\t<\/div>\r\n\t\t<\/div><div class=\"tlp-content\">\r\n\t\t\t\t\t\t<div class=\"tlp-content-holder\">\r\n\t\t\t\t\t\t\t<h3><a href=\"https:\/\/amiaudio.hu\/en\/portfolio\/unique-ugye-mindig-itt-leszel\/\" aria-label=\"Unique &#8211; Ugye mindig itt leszel?\">Unique &#8211; Ugye mindig itt leszel?<\/a><\/h3>\r\n\t\t\t\t\t\t\t\r\n\t\t\t\t\t\t<\/div>\r\n\t\t\t\t\t<\/div>\t<\/div>\r\n<\/div>\r\n<div class=\"tlp-col-md-2 tlp-col-sm-4 tlp-col-xs-4 tlp-single-item tlp-grid-item tlp-equal-height\">\r\n\t<div class=\"tlp-portfolio-item\">\r\n\t\t\t\t\t\t\t\t\t\t\t\t<div class=\"tlp-portfolio-thum tlp-item\">\r\n\t\t\t<img loading=\"lazy\" decoding=\"async\" width=\"600\" height=\"600\" src=\"https:\/\/amiaudio.hu\/wp-content\/uploads\/maxi15_l.jpg\" class=\"img-responsive\" alt=\"\" style=\"width:100%;height:100%;max-width:600px\" \/>\r\n\t\t\t<div class=\"tlp-overlay\">\r\n\t\t\t\t<p class=\"link-icon\">\r\n\t\t\t\t\t\r\n\t\t\t\t\t<a href=\"https:\/\/amiaudio.hu\/en\/portfolio\/unique-semmi-nem-marad\/\" aria-label=\"Unique &#8211; Semmi nem marad\"><i class=\"demo-icon icon-link-ext\"><\/i><\/a>\r\n\t\t\t\t<\/p>\r\n\t\t\t<\/div>\r\n\t\t<\/div><div class=\"tlp-content\">\r\n\t\t\t\t\t\t<div class=\"tlp-content-holder\">\r\n\t\t\t\t\t\t\t<h3><a href=\"https:\/\/amiaudio.hu\/en\/portfolio\/unique-semmi-nem-marad\/\" aria-label=\"Unique &#8211; Semmi nem marad\">Unique &#8211; Semmi nem marad<\/a><\/h3>\r\n\t\t\t\t\t\t\t\r\n\t\t\t\t\t\t<\/div>\r\n\t\t\t\t\t<\/div>\t<\/div>\r\n<\/div>\r\n<div class=\"tlp-col-md-2 tlp-col-sm-4 tlp-col-xs-4 tlp-single-item tlp-grid-item tlp-equal-height\">\r\n\t<div class=\"tlp-portfolio-item\">\r\n\t\t\t\t\t\t\t\t\t\t\t\t<div class=\"tlp-portfolio-thum tlp-item\">\r\n\t\t\t<img loading=\"lazy\" decoding=\"async\" width=\"600\" height=\"600\" src=\"https:\/\/amiaudio.hu\/wp-content\/uploads\/maxi14e_l.jpg\" class=\"img-responsive\" alt=\"\" style=\"width:100%;height:100%;max-width:600px\" \/>\r\n\t\t\t<div class=\"tlp-overlay\">\r\n\t\t\t\t<p class=\"link-icon\">\r\n\t\t\t\t\t\r\n\t\t\t\t\t<a href=\"https:\/\/amiaudio.hu\/en\/portfolio\/unique-unhappy-ending-dream\/\" aria-label=\"Unique &#8211; Unhappy ending dream\"><i class=\"demo-icon icon-link-ext\"><\/i><\/a>\r\n\t\t\t\t<\/p>\r\n\t\t\t<\/div>\r\n\t\t<\/div><div class=\"tlp-content\">\r\n\t\t\t\t\t\t<div class=\"tlp-content-holder\">\r\n\t\t\t\t\t\t\t<h3><a href=\"https:\/\/amiaudio.hu\/en\/portfolio\/unique-unhappy-ending-dream\/\" aria-label=\"Unique &#8211; Unhappy ending dream\">Unique &#8211; Unhappy ending dream<\/a><\/h3>\r\n\t\t\t\t\t\t\t\r\n\t\t\t\t\t\t<\/div>\r\n\t\t\t\t\t<\/div>\t<\/div>\r\n<\/div>\r\n<div class=\"tlp-col-md-2 tlp-col-sm-4 tlp-col-xs-4 tlp-single-item tlp-grid-item tlp-equal-height\">\r\n\t<div class=\"tlp-portfolio-item\">\r\n\t\t\t\t\t\t\t\t\t\t\t\t<div class=\"tlp-portfolio-thum tlp-item\">\r\n\t\t\t<img loading=\"lazy\" decoding=\"async\" width=\"600\" height=\"600\" src=\"https:\/\/amiaudio.hu\/wp-content\/uploads\/maxi14_l.jpg\" class=\"img-responsive\" alt=\"\" style=\"width:100%;height:100%;max-width:600px\" \/>\r\n\t\t\t<div class=\"tlp-overlay\">\r\n\t\t\t\t<p class=\"link-icon\">\r\n\t\t\t\t\t\r\n\t\t\t\t\t<a href=\"https:\/\/amiaudio.hu\/en\/portfolio\/unique-hiszed-vagy-sem\/\" aria-label=\"Unique &#8211; Hiszed vagy sem\"><i class=\"demo-icon icon-link-ext\"><\/i><\/a>\r\n\t\t\t\t<\/p>\r\n\t\t\t<\/div>\r\n\t\t<\/div><div class=\"tlp-content\">\r\n\t\t\t\t\t\t<div class=\"tlp-content-holder\">\r\n\t\t\t\t\t\t\t<h3><a href=\"https:\/\/amiaudio.hu\/en\/portfolio\/unique-hiszed-vagy-sem\/\" aria-label=\"Unique &#8211; Hiszed vagy sem\">Unique &#8211; Hiszed vagy sem<\/a><\/h3>\r\n\t\t\t\t\t\t\t\r\n\t\t\t\t\t\t<\/div>\r\n\t\t\t\t\t<\/div>\t<\/div>\r\n<\/div>\r\n<\/div><\/div>\n\n\n<p><\/p>","protected":false},"excerpt":{"rendered":"<p>SOUND RECORDINGS DISTRIBUTED BY OUR LABEL<\/p>","protected":false},"author":1,"featured_media":0,"parent":0,"menu_order":0,"comment_status":"closed","ping_status":"closed","template":"","meta":{"ngg_post_thumbnail":0,"_themeisle_gutenberg_block_has_review":false,"footnotes":""},"class_list":["post-597","page","type-page","status-publish","hentry","entry"],"_links":{"self":[{"href":"https:\/\/amiaudio.hu\/en\/wp-json\/wp\/v2\/pages\/597","targetHints":{"allow":["GET"]}}],"collection":[{"href":"https:\/\/amiaudio.hu\/en\/wp-json\/wp\/v2\/pages"}],"about":[{"href":"https:\/\/amiaudio.hu\/en\/wp-json\/wp\/v2\/types\/page"}],"author":[{"embeddable":true,"href":"https:\/\/amiaudio.hu\/en\/wp-json\/wp\/v2\/users\/1"}],"replies":[{"embeddable":true,"href":"https:\/\/amiaudio.hu\/en\/wp-json\/wp\/v2\/comments?post=597"}],"version-history":[{"count":8,"href":"https:\/\/amiaudio.hu\/en\/wp-json\/wp\/v2\/pages\/597\/revisions"}],"predecessor-version":[{"id":1912,"href":"https:\/\/amiaudio.hu\/en\/wp-json\/wp\/v2\/pages\/597\/revisions\/1912"}],"wp:attachment":[{"href":"https:\/\/amiaudio.hu\/en\/wp-json\/wp\/v2\/media?parent=597"}],"curies":[{"name":"wp","href":"https:\/\/api.w.org\/{rel}","templated":true}]}}