{"id":30,"date":"2021-03-18T13:50:41","date_gmt":"2021-03-18T13:50:41","guid":{"rendered":"https:\/\/amiaudio.hu\/?page_id=30"},"modified":"2023-04-05T11:30:23","modified_gmt":"2023-04-05T11:30:23","slug":"contact","status":"publish","type":"page","link":"https:\/\/amiaudio.hu\/en\/contact\/","title":{"rendered":"Contact"},"content":{"rendered":"ngg_shortcode_0_placeholder\n\n\n<p class=\"has-text-align-center\">If you're stuck in the process of making or distributing music, feel free to contact us!<\/p>\n\n\n\n<figure class=\"wp-block-table alignwide is-style-stripes\"><table><tbody><tr><td class=\"has-text-align-right\" data-align=\"right\"><img loading=\"lazy\" decoding=\"async\" width=\"150\" height=\"150\" class=\"wp-image-1338\" style=\"width: 150px;\" src=\"https:\/\/amiaudio.hu\/wp-content\/uploads\/DSC7716_ami_profil_s.jpg\" alt=\"\" srcset=\"https:\/\/amiaudio.hu\/wp-content\/uploads\/DSC7716_ami_profil_s.jpg 600w, https:\/\/amiaudio.hu\/wp-content\/uploads\/DSC7716_ami_profil_s-300x300.jpg 300w, https:\/\/amiaudio.hu\/wp-content\/uploads\/DSC7716_ami_profil_s-150x150.jpg 150w, https:\/\/amiaudio.hu\/wp-content\/uploads\/DSC7716_ami_profil_s-12x12.jpg 12w\" sizes=\"auto, (max-width: 150px) 100vw, 150px\" \/><\/td><td><strong>Adam Kovacsics<\/strong><br><br>+36-30 222 4262<br><br><strong>AmiAudio Ltd.<\/strong><br><br><a href=\"mailto:amiaudio@gmail.com\">amiaudio@gmail.com<\/a><\/td><\/tr><\/tbody><\/table><\/figure>\n\n\n\n<p class=\"has-text-align-center\" style=\"padding-top:0;padding-right:var(--wp--preset--spacing--80);padding-bottom:0;padding-left:var(--wp--preset--spacing--80)\">We are always looking for new talent, artists, producers and remixers.<\/p>\n\n\n\n<p class=\"has-text-align-center translation-block\" style=\"padding-top:0;padding-right:var(--wp--preset--spacing--80);padding-bottom:0;padding-left:var(--wp--preset--spacing--80)\"><strong> Demo requests are welcome by e-mail   to <a href=\"mailto:amiaudio@gmail.com?subject=Demo\" target=\"_self\">amiaudio@gmail.com<\/a>!<\/strong><\/p>\n\n\n\n<p class=\"has-text-align-center\" style=\"padding-top:0;padding-right:var(--wp--preset--spacing--80);padding-bottom:0;padding-left:var(--wp--preset--spacing--80)\">(Instead of attachments, please use Dropbox, Google Drive, iCloud or links to Youtube, Soundcloud etc.)<\/p>\n\n\n\n<div style=\"height:20px\" aria-hidden=\"true\" class=\"wp-block-spacer\"><\/div>\n\n\n\n<figure class=\"wp-block-table is-style-regular, paragraph is-style-stripes\"><table class=\"has-purple-color has-text-color has-fixed-layout\"><tbody><tr><td class=\"has-text-align-center\" data-align=\"center\">Our songwriting experience programmes for music-loving LAYMANS, BEGINNER\/PROFESSIONAL MUSICIANS.<\/td><td class=\"has-text-align-center\" data-align=\"center\"><a href=\"https:\/\/zeneielmenyprogram.hu\/\" target=\"_blank\" rel=\"noreferrer noopener\"><img decoding=\"async\" src=\"https:\/\/amiaudio.hu\/wp-content\/uploads\/zenei-elmenyprogram-LOGO-white-1024x256.png\" alt=\"\" style=\"width: 400px;\"><\/a><\/td><td class=\"has-text-align-center\" data-align=\"center\">Take a look behind the scenes of the world of music and try your hand as a music producer, composer and performer!<\/td><\/tr><\/tbody><\/table><\/figure>","protected":false},"excerpt":{"rendered":"<p>Ha elakadt\u00e1l a zenek\u00e9sz\u00edt\u00e9s vagy a terjeszt\u00e9s folyamat\u00e1ban, keress minket b\u00e1tran! Kovacsics \u00c1d\u00e1m +36-30 222 4262 AmiAudio Kft. amiaudio@gmail.com Kiad\u00f3nk folyamatosan keres \u00faj tehets\u00e9geket, el\u0151ad\u00f3kat, producereket, remixereket. Demofelv\u00e9teleket az amiaudio@gmail.com e-mail c\u00edmre v\u00e1rjuk! (Csatolm\u00e1ny helyett k\u00e9rj\u00fck haszn\u00e1lj Dropbox, Google Drive, iCloud vagy Youtube, Soundcloud stb. linkeket.) Dalszerz\u0151 \u00e9lm\u00e9nyprogramjaink zenekedvel\u0151 LAIKUSOKNAK, KEZD\u0150\/PROFI ZEN\u00c9SZEKNEK. Pillants be a&hellip; <a class=\"more-link\" href=\"https:\/\/amiaudio.hu\/en\/contact\/\">Continue reading <span class=\"screen-reader-text\">Contact<\/span><\/a><\/p>","protected":false},"author":1,"featured_media":0,"parent":0,"menu_order":0,"comment_status":"closed","ping_status":"closed","template":"","meta":{"ngg_post_thumbnail":0,"_themeisle_gutenberg_block_has_review":false,"footnotes":""},"class_list":["post-30","page","type-page","status-publish","hentry","entry"],"_links":{"self":[{"href":"https:\/\/amiaudio.hu\/en\/wp-json\/wp\/v2\/pages\/30","targetHints":{"allow":["GET"]}}],"collection":[{"href":"https:\/\/amiaudio.hu\/en\/wp-json\/wp\/v2\/pages"}],"about":[{"href":"https:\/\/amiaudio.hu\/en\/wp-json\/wp\/v2\/types\/page"}],"author":[{"embeddable":true,"href":"https:\/\/amiaudio.hu\/en\/wp-json\/wp\/v2\/users\/1"}],"replies":[{"embeddable":true,"href":"https:\/\/amiaudio.hu\/en\/wp-json\/wp\/v2\/comments?post=30"}],"version-history":[{"count":110,"href":"https:\/\/amiaudio.hu\/en\/wp-json\/wp\/v2\/pages\/30\/revisions"}],"predecessor-version":[{"id":1827,"href":"https:\/\/amiaudio.hu\/en\/wp-json\/wp\/v2\/pages\/30\/revisions\/1827"}],"wp:attachment":[{"href":"https:\/\/amiaudio.hu\/en\/wp-json\/wp\/v2\/media?parent=30"}],"curies":[{"name":"wp","href":"https:\/\/api.w.org\/{rel}","templated":true}]}}